{"id":385,"date":"2015-02-24T12:48:25","date_gmt":"2015-02-24T12:48:25","guid":{"rendered":"http:\/\/stj500.arqtgn.cat\/vida\/"},"modified":"2015-02-24T12:48:25","modified_gmt":"2015-02-24T12:48:25","slug":"vida","status":"publish","type":"page","link":"https:\/\/stj500.arqtgn.cat\/es\/","title":{"rendered":"VIDA"},"content":{"rendered":"<p>Su nombre de familia era Teresa de Ahumada. Santa Teresa era hija de Alonso S\u00e1nchez de Cepeda, de la ciudad de Toledo, y Beatriz de Ahumada, de la ciudad de Olmedo. Se instalaron en \u00c1vila, lugar donde naci\u00f3 Teresa el d\u00eda 28 de marzo de 1515 en el seno de una familia numerosa: \u00ab\u00e9ramos tres hermanas y nueve hermanos\u00bb, recuerda ella en el Libro de la Vida. Su familia ten\u00eda una gran afici\u00f3n a las letras ya la cultura, por lo que Teresa aprende a leer y escribir a edad muy temprana.<\/p>\n<p>En la vida de Teresa se suceden tres grandes etapas:<\/p>\n<p>Hasta los 20 a\u00f1os de edad vive en casa de sus padres; Teresa ni\u00f1a, adolescente y joven, vivi\u00f3 sucesivamente la muerte de su madre, la marcha de varios de sus hermanos en las Indias, y el proceso de la lenta disoluci\u00f3n del hogar.<\/p>\n<p>A los 20 a\u00f1os opta por la vida religiosa, a pesar de la voluntad de su padre. En su biograf\u00eda asegura que huy\u00f3 de su casa una ma\u00f1ana para entrar en el Monasterio de carmelitas de la Encarnaci\u00f3n. All\u00ed vivi\u00f3 27 a\u00f1os, en una comunidad religiosa muy numerosa formada por cerca de 180 monjas, soportando y superando el trauma de una enfermedad grave, lo que marc\u00f3 su f\u00edsico para toda la vida. Esta enfermedad la sumergi\u00f3 en la vida espiritual. Hacia los 40 a\u00f1os, Teresa se siente llamada a lo que se ha denominado como \u00abexperiencia m\u00edstica\u00bb que no s\u00f3lo cambia el rumbo de su vida, sino que la define y da un gran bagaje humano y cristiano a su persona.<\/p>\n<p>A los 47 a\u00f1os, Teresa inicia una tercera etapa cuando sale del convento de la Encarnaci\u00f3n para fundar el Carmelo de San Jos\u00e9 y poco despu\u00e9s emprende su tarea de fundadora. Sus viajes son en tartana o lomos de una mula hasta Medina del Campo, Valladolid, Alba de Tormes, Salamanca, Beas de Segura, Sevilla, Soria y Burgos, para descansar finalmente en su lecho de muerte en Alba de Tormes el 4 de octubre de 1582.<\/p>\n<p>Durante los \u00faltimos a\u00f1os se dilata su horizonte visual y espiritual, no s\u00f3lo por el tortuoso mapa geogr\u00e1fico que ha recorrido como fundadora; sino por su renacida sensibilidad por los problemas de Europa y de las Indias occidentales, su vivo inter\u00e9s por los temas de la cristiandad y de la Iglesia, y su conocimiento de los estratos sociales de aquella Espa\u00f1a, conglomerado de gloria y de miserias . Son los a\u00f1os en que Teresa establece un sinf\u00edn de amistades y relaciones humanas en todos los niveles y estamentos de la sociedad.<\/p>\n<p>Mujer de car\u00e1cter abierto y comunicativo, de extrema sensibilidad y con una inmensa simpat\u00eda personal, pose\u00eda mucha energ\u00eda lo que le permiti\u00f3 afrontar las mayores contrariedades. Fue apasionada, intr\u00e9pida y voluntariosa. En definitiva, sus bi\u00f3grafos la definen como una mujer de acci\u00f3n que supo mantenerse firme a pesar de las adversidades. Siempre se movi\u00f3 entre el idealismo y la pr\u00e1ctica.<\/p>\n<p>(<strong>Fuente:<\/strong> <a href=\"www.stj500.cat\">www.stj500.cat<\/a>)<\/p>\n","protected":false},"excerpt":{"rendered":"<p>Su nombre de familia era Teresa de Ahumada. Santa Teresa era hija de Alonso S\u00e1nchez de Cepeda, de la ciudad de Toledo, y Beatriz de Ahumada, de la ciudad de Olmedo. Se instalaron en \u00c1vila, lugar donde naci\u00f3 Teresa el &hellip; <a href=\"https:\/\/stj500.arqtgn.cat\/es\/\">Sigue leyendo <span class=\"meta-nav\">&rarr;<\/span><\/a><\/p>\n","protected":false},"author":7,"featured_media":0,"parent":0,"menu_order":0,"comment_status":"closed","ping_status":"closed","template":"","meta":{"footnotes":""},"class_list":["post-385","page","type-page","status-publish","hentry"],"_links":{"self":[{"href":"https:\/\/stj500.arqtgn.cat\/es\/wp-json\/wp\/v2\/pages\/385","targetHints":{"allow":["GET"]}}],"collection":[{"href":"https:\/\/stj500.arqtgn.cat\/es\/wp-json\/wp\/v2\/pages"}],"about":[{"href":"https:\/\/stj500.arqtgn.cat\/es\/wp-json\/wp\/v2\/types\/page"}],"author":[{"embeddable":true,"href":"https:\/\/stj500.arqtgn.cat\/es\/wp-json\/wp\/v2\/users\/7"}],"replies":[{"embeddable":true,"href":"https:\/\/stj500.arqtgn.cat\/es\/wp-json\/wp\/v2\/comments?post=385"}],"version-history":[{"count":0,"href":"https:\/\/stj500.arqtgn.cat\/es\/wp-json\/wp\/v2\/pages\/385\/revisions"}],"wp:attachment":[{"href":"https:\/\/stj500.arqtgn.cat\/es\/wp-json\/wp\/v2\/media?parent=385"}],"curies":[{"name":"wp","href":"https:\/\/api.w.org\/{rel}","templated":true}]}}